{"id":28624,"date":"2025-09-30T14:31:34","date_gmt":"2025-09-30T12:31:34","guid":{"rendered":"https:\/\/ivonnegugel.com\/blog\/"},"modified":"2025-09-30T14:31:34","modified_gmt":"2025-09-30T12:31:34","slug":"blog","status":"publish","type":"page","link":"https:\/\/ivonnegugel.com\/de\/blog\/","title":{"rendered":"Blog"},"content":{"rendered":"\t\t<div data-elementor-type=\"wp-page\" data-elementor-id=\"28624\" class=\"elementor elementor-28624 elementor-28596\">\n\t\t\t\t\t\t<section class=\"elementor-section elementor-top-section elementor-element elementor-element-d399bc6 elementor-section-boxed elementor-section-height-default elementor-section-height-default sc_fly_static\" data-id=\"d399bc6\" data-element_type=\"section\" data-e-type=\"section\">\n\t\t\t\t\t\t<div class=\"elementor-container elementor-column-gap-extended\">\n\t\t\t\t\t<div class=\"elementor-column elementor-col-100 elementor-top-column elementor-element elementor-element-766e5ce sc_content_align_inherit sc_layouts_column_icons_position_left sc_fly_static\" data-id=\"766e5ce\" data-element_type=\"column\" data-e-type=\"column\">\n\t\t\t<div class=\"elementor-widget-wrap elementor-element-populated\">\n\t\t\t\t\t\t<div class=\"elementor-element elementor-element-36d70a9 sc_fly_static elementor-widget elementor-widget-heading\" data-id=\"36d70a9\" data-element_type=\"widget\" data-e-type=\"widget\" data-widget_type=\"heading.default\">\n\t\t\t\t<div class=\"elementor-widget-container\">\n\t\t\t\t\t<h1 class=\"elementor-heading-title elementor-size-default\">BLOG<\/h1>\t\t\t\t<\/div>\n\t\t\t\t<\/div>\n\t\t\t\t\t<\/div>\n\t\t<\/div>\n\t\t\t\t\t<\/div>\n\t\t<\/section>\n\t\t\t\t<section class=\"elementor-section elementor-top-section elementor-element elementor-element-6e85d56 elementor-section-boxed elementor-section-height-default elementor-section-height-default sc_fly_static\" data-id=\"6e85d56\" data-element_type=\"section\" data-e-type=\"section\">\n\t\t\t\t\t\t<div class=\"elementor-container elementor-column-gap-extended\">\n\t\t\t\t\t<div class=\"elementor-column elementor-col-100 elementor-top-column elementor-element elementor-element-dbe68b9 sc_content_align_inherit sc_layouts_column_icons_position_left sc_fly_static\" data-id=\"dbe68b9\" data-element_type=\"column\" data-e-type=\"column\">\n\t\t\t<div class=\"elementor-widget-wrap elementor-element-populated\">\n\t\t\t\t\t\t<div class=\"elementor-element elementor-element-a0583d2 sc_style_default sc_fly_static elementor-widget elementor-widget-trx_sc_blogger\" data-id=\"a0583d2\" data-element_type=\"widget\" data-e-type=\"widget\" data-widget_type=\"trx_sc_blogger.default\">\n\t\t\t\t<div class=\"elementor-widget-container\">\n\t\t\t\t\t<div \t\tclass=\"sc_blogger sc_blogger_default sc_blogger_default_classic sc_item_filters_tabs_none alignnone\" ><div class=\"sc_blogger_columns_wrap sc_item_columns sc_item_posts_container trx_addons_columns_wrap columns_padding_bottom\" ><div class=\"trx_addons_column-1_2\"><div data-post-id=\"28620\" data-item-number=\"1\" class=\"sc_blogger_item sc_item_container post_container sc_blogger_item_default sc_blogger_item_default_classic sc_blogger_item_odd sc_blogger_item_align_none post_format_standard sc_blogger_item_with_image sc_blogger_item_with_excerpt sc_blogger_item_image_position_top post-28620 post type-post status-publish format-standard has-post-thumbnail hentry category-nicht-kategorisiert\" ><div class=\"sc_blogger_item_body\"><div class=\"post_featured with_thumb hover_link sc_item_featured sc_blogger_item_featured\"><img fetchpriority=\"high\" decoding=\"async\" width=\"831\" height=\"473\" src=\"https:\/\/ivonnegugel.com\/wp-content\/uploads\/2025\/09\/Captura-de-Pantalla-2025-09-19-a-las-22.53.25-831x473.png\" class=\"attachment-advice-thumb-big size-advice-thumb-big wp-post-image\" alt=\"\" \/>\t\t\t\t\t\t<div class=\"mask\"><\/div>\r\n\t\t\t\t\t\t\t\t\t<a href=\"https:\/\/ivonnegugel.com\/de\/where-do-our-wounds-come-from-the-ones-that-accompany-us-and-reappear-time-and-time-again\/\"  aria-hidden=\"true\" class=\"link\"><\/a>\r\n\t\t\t<\/div><div class=\"sc_blogger_item_content entry-content\"><h5 class=\"sc_blogger_item_title entry-title\" data-item-number=\"1\"><a href=\"https:\/\/ivonnegugel.com\/de\/where-do-our-wounds-come-from-the-ones-that-accompany-us-and-reappear-time-and-time-again\/\" rel=\"bookmark\">Woher kommen unsere Wunden, die uns begleiten und immer wieder auftauchen?<\/a><\/h5><div class=\"post_meta sc_blogger_item_meta post_meta\"><span class=\"post_meta_item post_date\"><a href=\"https:\/\/ivonnegugel.com\/de\/where-do-our-wounds-come-from-the-ones-that-accompany-us-and-reappear-time-and-time-again\/\">30. September 2025<\/a><\/span><\/div><div class=\"sc_blogger_item_excerpt\">Alle unsere Verletzungen haben mit Ereignissen und Umst\u00e4nden zu tun, die in der heutigen Zeit, in der wir in einem Liebeschaos leben und in der unsere Eltern und Gro\u00dfeltern uns&hellip;<\/div><div class=\"sc_blogger_item_button sc_item_button\"><a href=\"https:\/\/ivonnegugel.com\/de\/where-do-our-wounds-come-from-the-ones-that-accompany-us-and-reappear-time-and-time-again\/\" class=\"item_more_link\"><span class=\"link_text\">Read more<\/span><span class=\"link_icon\"><\/span><\/a><\/div><\/div><!-- .entry-content --><\/div><!-- .sc_blogger_item_body --><\/div><!-- .sc_blogger_item --><\/div><div class=\"trx_addons_column-1_2\"><div data-post-id=\"28611\" data-item-number=\"2\" class=\"sc_blogger_item sc_item_container post_container sc_blogger_item_default sc_blogger_item_default_classic sc_blogger_item_even sc_blogger_item_align_none post_format_standard sc_blogger_item_with_image sc_blogger_item_with_excerpt sc_blogger_item_image_position_top post-28611 post type-post status-publish format-standard has-post-thumbnail hentry\" ><div class=\"sc_blogger_item_body\"><div class=\"post_featured with_thumb hover_link sc_item_featured sc_blogger_item_featured\"><img decoding=\"async\" width=\"840\" height=\"473\" src=\"https:\/\/ivonnegugel.com\/wp-content\/uploads\/2025\/09\/gestalt-840x473.png\" class=\"attachment-advice-thumb-big size-advice-thumb-big wp-post-image\" alt=\"\" srcset=\"https:\/\/ivonnegugel.com\/wp-content\/uploads\/2025\/09\/gestalt-840x473.png 840w, https:\/\/ivonnegugel.com\/wp-content\/uploads\/2025\/09\/gestalt-410x230.png 410w, https:\/\/ivonnegugel.com\/wp-content\/uploads\/2025\/09\/gestalt-270x152.png 270w\" sizes=\"(max-width: 840px) 100vw, 840px\" \/>\t\t\t\t\t\t<div class=\"mask\"><\/div>\r\n\t\t\t\t\t\t\t\t\t<a href=\"https:\/\/ivonnegugel.com\/de\/por-que-se-llama-terapia-gestalt\/\"  aria-hidden=\"true\" class=\"link\"><\/a>\r\n\t\t\t<\/div><div class=\"sc_blogger_item_content entry-content\"><h5 class=\"sc_blogger_item_title entry-title\" data-item-number=\"2\"><a href=\"https:\/\/ivonnegugel.com\/de\/por-que-se-llama-terapia-gestalt\/\" rel=\"bookmark\">Warum heisst es Gestalt Therapie?<\/a><\/h5><div class=\"post_meta sc_blogger_item_meta post_meta\"><span class=\"post_meta_item post_date\"><a href=\"https:\/\/ivonnegugel.com\/de\/por-que-se-llama-terapia-gestalt\/\">30. September 2025<\/a><\/span><\/div><div class=\"sc_blogger_item_excerpt\">Gestalt Therapie - ein seltsamer Name, h\u00f6re ich immer wieder. Dieses deutsche Wort \"Gestalt\" f\u00fcr die Bezeichnung einer Psychotherapie zu w\u00e4hlen war auch f\u00fcr mich, als geb\u00fcrtige Deutsche, lange Zeit&hellip;<\/div><div class=\"sc_blogger_item_button sc_item_button\"><a href=\"https:\/\/ivonnegugel.com\/de\/por-que-se-llama-terapia-gestalt\/\" class=\"item_more_link\"><span class=\"link_text\">Read more<\/span><span class=\"link_icon\"><\/span><\/a><\/div><\/div><!-- .entry-content --><\/div><!-- .sc_blogger_item_body --><\/div><!-- .sc_blogger_item --><\/div><div class=\"trx_addons_column-1_2\"><div data-post-id=\"28747\" data-item-number=\"3\" class=\"sc_blogger_item sc_item_container post_container sc_blogger_item_default sc_blogger_item_default_classic sc_blogger_item_odd sc_blogger_item_align_none post_format_standard sc_blogger_item_with_image sc_blogger_item_with_excerpt sc_blogger_item_image_position_top post-28747 post type-post status-publish format-standard has-post-thumbnail hentry category-nicht-kategorisiert\" ><div class=\"sc_blogger_item_body\"><div class=\"post_featured with_thumb hover_link sc_item_featured sc_blogger_item_featured\"><img decoding=\"async\" width=\"746\" height=\"473\" src=\"https:\/\/ivonnegugel.com\/wp-content\/uploads\/2026\/04\/Umarmung-746x473.png\" class=\"attachment-advice-thumb-big size-advice-thumb-big wp-post-image\" alt=\"\" \/>\t\t\t\t\t\t<div class=\"mask\"><\/div>\r\n\t\t\t\t\t\t\t\t\t<a href=\"https:\/\/ivonnegugel.com\/de\/die-psychotherapie-ist-die-aufloesung-der-trennung\/\"  aria-hidden=\"true\" class=\"link\"><\/a>\r\n\t\t\t<\/div><div class=\"sc_blogger_item_content entry-content\"><h5 class=\"sc_blogger_item_title entry-title\" data-item-number=\"3\"><a href=\"https:\/\/ivonnegugel.com\/de\/die-psychotherapie-ist-die-aufloesung-der-trennung\/\" rel=\"bookmark\">Die Psychotherapie ist die Aufl\u00f6sung der Trennung<\/a><\/h5><div class=\"post_meta sc_blogger_item_meta post_meta\"><span class=\"post_meta_item post_date\"><a href=\"https:\/\/ivonnegugel.com\/de\/die-psychotherapie-ist-die-aufloesung-der-trennung\/\">26. April 2026<\/a><\/span><\/div><div class=\"sc_blogger_item_excerpt\">Viele Menschen kommen in die Psychotherapie mit einem Gef\u00fchl von Getrenntsein. Sie f\u00fchlen sich abgeschnitten \u2013 von sich selbst, von anderen Menschen oder vom Leben insgesamt. Dieses Erleben kann sich&hellip;<\/div><div class=\"sc_blogger_item_button sc_item_button\"><a href=\"https:\/\/ivonnegugel.com\/de\/die-psychotherapie-ist-die-aufloesung-der-trennung\/\" class=\"item_more_link\"><span class=\"link_text\">Read more<\/span><span class=\"link_icon\"><\/span><\/a><\/div><\/div><!-- .entry-content --><\/div><!-- .sc_blogger_item_body --><\/div><!-- .sc_blogger_item --><\/div><\/div><\/div>\t\t\t\t<\/div>\n\t\t\t\t<\/div>\n\t\t\t\t\t<\/div>\n\t\t<\/div>\n\t\t\t\t\t<\/div>\n\t\t<\/section>\n\t\t\t\t<\/div>\n\t\t","protected":false},"excerpt":{"rendered":"<p>BLOG \u00bfPor qu\u00e9 se llama terapia Gestalt? 13 minutos ago&#8222;Terapia Gestalt: un nombre extra\u00f1o, oigo decir una y otra vez. Elegir esta palabra alemana \u00abGestalt\u00bb para designar una psicoterapia fue&hellip;<\/p>\n","protected":false},"author":1,"featured_media":0,"parent":0,"menu_order":0,"comment_status":"closed","ping_status":"closed","template":"","meta":{"footnotes":""},"class_list":["post-28624","page","type-page","status-publish","hentry"],"_links":{"self":[{"href":"https:\/\/ivonnegugel.com\/de\/wp-json\/wp\/v2\/pages\/28624","targetHints":{"allow":["GET"]}}],"collection":[{"href":"https:\/\/ivonnegugel.com\/de\/wp-json\/wp\/v2\/pages"}],"about":[{"href":"https:\/\/ivonnegugel.com\/de\/wp-json\/wp\/v2\/types\/page"}],"author":[{"embeddable":true,"href":"https:\/\/ivonnegugel.com\/de\/wp-json\/wp\/v2\/users\/1"}],"replies":[{"embeddable":true,"href":"https:\/\/ivonnegugel.com\/de\/wp-json\/wp\/v2\/comments?post=28624"}],"version-history":[{"count":0,"href":"https:\/\/ivonnegugel.com\/de\/wp-json\/wp\/v2\/pages\/28624\/revisions"}],"wp:attachment":[{"href":"https:\/\/ivonnegugel.com\/de\/wp-json\/wp\/v2\/media?parent=28624"}],"curies":[{"name":"wp","href":"https:\/\/api.w.org\/{rel}","templated":true}]}}