{"id":28483,"date":"2025-08-25T08:11:25","date_gmt":"2025-08-25T06:11:25","guid":{"rendered":"https:\/\/ivonnegugel.com\/aviso-legal\/"},"modified":"2025-09-15T10:29:03","modified_gmt":"2025-09-15T08:29:03","slug":"legal-notice","status":"publish","type":"page","link":"https:\/\/ivonnegugel.com\/en\/legal-notice\/","title":{"rendered":"Legal Notice"},"content":{"rendered":"\t\t<div data-elementor-type=\"wp-page\" data-elementor-id=\"28483\" class=\"elementor elementor-28483 elementor-28227\">\n\t\t\t\t\t\t<section class=\"elementor-section elementor-top-section elementor-element elementor-element-29ddf3b elementor-section-boxed elementor-section-height-default elementor-section-height-default sc_fly_static\" data-id=\"29ddf3b\" data-element_type=\"section\" data-e-type=\"section\">\n\t\t\t\t\t\t<div class=\"elementor-container elementor-column-gap-extended\">\n\t\t\t\t\t<div class=\"elementor-column elementor-col-100 elementor-top-column elementor-element elementor-element-094dc03 sc_content_align_inherit sc_layouts_column_icons_position_left sc_fly_static\" data-id=\"094dc03\" data-element_type=\"column\" data-e-type=\"column\">\n\t\t\t<div class=\"elementor-widget-wrap elementor-element-populated\">\n\t\t\t\t\t\t<section class=\"elementor-section elementor-inner-section elementor-element elementor-element-233e562 elementor-section-boxed elementor-section-height-default elementor-section-height-default sc_fly_static\" data-id=\"233e562\" data-element_type=\"section\" data-e-type=\"section\">\n\t\t\t\t\t\t<div class=\"elementor-container elementor-column-gap-extended\">\n\t\t\t\t\t<div class=\"elementor-column elementor-col-100 elementor-inner-column elementor-element elementor-element-0ecd32c sc_content_align_inherit sc_layouts_column_icons_position_left sc_fly_static\" data-id=\"0ecd32c\" data-element_type=\"column\" data-e-type=\"column\">\n\t\t\t<div class=\"elementor-widget-wrap elementor-element-populated\">\n\t\t\t\t\t\t<div class=\"elementor-element elementor-element-4d75eed sc_fly_static elementor-widget elementor-widget-text-editor\" data-id=\"4d75eed\" data-element_type=\"widget\" data-e-type=\"widget\" data-widget_type=\"text-editor.default\">\n\t\t\t\t<div class=\"elementor-widget-container\">\n\t\t\t\t\t\t\t\t\t<p dir=\"ltr\"><strong>\u00daltima actualizaci\u00f3n: 25 de agosto de 2025<\/strong><\/p><p dir=\"ltr\">En cumplimiento con la Ley 34\/2002, de 11 de julio, de Servicios de la Sociedad de la Informaci\u00f3n y de Comercio Electr\u00f3nico (LSSICE), se presenta la siguiente informaci\u00f3n legal sobre el sitio web https:\/\/ivonnegugel.com\/.<\/p><h2 dir=\"ltr\">1. Datos identificativos<\/h2><ul dir=\"ltr\" data-tight=\"true\"><li><p dir=\"ltr\"><strong>Titular<\/strong>: Ivonne Gugel<\/p><\/li><li><p dir=\"ltr\"><strong>Domicilio<\/strong>: C\/ C\u00e1novas del Castillo, 30, 11380 Tarifa, Espa\u00f1a<\/p><\/li><li><p dir=\"ltr\"><strong>Correo electr\u00f3nico<\/strong>: <a class=\"underline_anim\" href=\"mailto:info@email.com\">info@ivonnegugel.com<\/a><\/p><\/li><li><p dir=\"ltr\"><strong>Actividad<\/strong>: Servicios de acompa\u00f1amiento terap\u00e9utico Gestalt y sesiones de pr\u00e1ctica de Aguahara.<\/p><\/li><\/ul><h2 dir=\"ltr\">2. Objeto del sitio web<\/h2><p dir=\"ltr\">El sitio web https:\/\/ivonnegugel.com\/ tiene como finalidad proporcionar informaci\u00f3n sobre los servicios de acompa\u00f1amiento terap\u00e9utico Gestalt y sesiones de pr\u00e1ctica de Aguahara, as\u00ed como facilitar el contacto con los usuarios interesados.<\/p><h2 dir=\"ltr\">3. Propiedad intelectual<\/h2><p dir=\"ltr\">Todos los contenidos del sitio web (textos, im\u00e1genes, logotipos, dise\u00f1o, etc.) son propiedad de Ivonne Gugel o de terceros que han autorizado su uso. Queda prohibida la reproducci\u00f3n, distribuci\u00f3n, comunicaci\u00f3n p\u00fablica o transformaci\u00f3n de dichos contenidos sin autorizaci\u00f3n expresa.<\/p><h2 dir=\"ltr\">4. Uso del sitio web<\/h2><p dir=\"ltr\">Los usuarios se comprometen a utilizar el sitio web de forma l\u00edcita, respetando las leyes aplicables y los derechos de terceros. Est\u00e1 prohibido:<\/p><ul dir=\"ltr\" data-tight=\"true\"><li><p dir=\"ltr\">Realizar acciones que puedan da\u00f1ar el sitio web o los sistemas de Ivonne Gugel.<\/p><\/li><li><p dir=\"ltr\">Usar el sitio para fines il\u00edcitos o contrarios a la moral y buenas costumbres.<\/p><\/li><\/ul><h2 dir=\"ltr\">5. Exenci\u00f3n de responsabilidad<\/h2><p dir=\"ltr\">Ivonne Gugel no se responsabiliza por:<\/p><ul dir=\"ltr\" data-tight=\"true\"><li><p dir=\"ltr\">Errores o interrupciones en el acceso al sitio web debido a fallos t\u00e9cnicos.<\/p><\/li><li><p dir=\"ltr\">Da\u00f1os derivados del uso indebido del sitio web por parte de los usuarios.<\/p><\/li><li><p dir=\"ltr\">La veracidad o exactitud de contenidos de terceros enlazados desde el sitio web.<\/p><\/li><\/ul><h2 dir=\"ltr\">6. Legislaci\u00f3n aplicable y jurisdicci\u00f3n<\/h2><p dir=\"ltr\">Este Aviso Legal se rige por la legislaci\u00f3n espa\u00f1ola. Para cualquier controversia, las partes se someten a los juzgados y tribunales de C\u00e1diz, Espa\u00f1a, renunciando a cualquier otro fuero.<\/p><h2 dir=\"ltr\">7. Contacto<\/h2><p dir=\"ltr\">Para cualquier consulta, cont\u00e1ctanos en <a class=\"underline_anim\" href=\"mailto:info@email.com\">info@ivonnegugel.com<\/a>.<\/p>\t\t\t\t\t\t\t\t<\/div>\n\t\t\t\t<\/div>\n\t\t\t\t\t<\/div>\n\t\t<\/div>\n\t\t\t\t\t<\/div>\n\t\t<\/section>\n\t\t\t\t\t<\/div>\n\t\t<\/div>\n\t\t\t\t\t<\/div>\n\t\t<\/section>\n\t\t\t\t<\/div>\n\t\t","protected":false},"excerpt":{"rendered":"<p>\u00daltima actualizaci\u00f3n: 25 de agosto de 2025 En cumplimiento con la Ley 34\/2002, de 11 de julio, de Servicios de la Sociedad de la Informaci\u00f3n y de Comercio Electr\u00f3nico (LSSICE),&hellip;<\/p>\n","protected":false},"author":1,"featured_media":0,"parent":0,"menu_order":0,"comment_status":"closed","ping_status":"closed","template":"","meta":{"footnotes":""},"class_list":["post-28483","page","type-page","status-publish","hentry"],"_links":{"self":[{"href":"https:\/\/ivonnegugel.com\/en\/wp-json\/wp\/v2\/pages\/28483","targetHints":{"allow":["GET"]}}],"collection":[{"href":"https:\/\/ivonnegugel.com\/en\/wp-json\/wp\/v2\/pages"}],"about":[{"href":"https:\/\/ivonnegugel.com\/en\/wp-json\/wp\/v2\/types\/page"}],"author":[{"embeddable":true,"href":"https:\/\/ivonnegugel.com\/en\/wp-json\/wp\/v2\/users\/1"}],"replies":[{"embeddable":true,"href":"https:\/\/ivonnegugel.com\/en\/wp-json\/wp\/v2\/comments?post=28483"}],"version-history":[{"count":1,"href":"https:\/\/ivonnegugel.com\/en\/wp-json\/wp\/v2\/pages\/28483\/revisions"}],"predecessor-version":[{"id":28491,"href":"https:\/\/ivonnegugel.com\/en\/wp-json\/wp\/v2\/pages\/28483\/revisions\/28491"}],"wp:attachment":[{"href":"https:\/\/ivonnegugel.com\/en\/wp-json\/wp\/v2\/media?parent=28483"}],"curies":[{"name":"wp","href":"https:\/\/api.w.org\/{rel}","templated":true}]}}