{"id":28487,"date":"2025-08-25T08:18:03","date_gmt":"2025-08-25T06:18:03","guid":{"rendered":"https:\/\/ivonnegugel.com\/politica-de-cookies\/"},"modified":"2025-10-08T22:38:47","modified_gmt":"2025-10-08T20:38:47","slug":"politica-de-cookies","status":"publish","type":"page","link":"https:\/\/ivonnegugel.com\/en\/politica-de-cookies\/","title":{"rendered":"Pol\u00edtica de Cookies"},"content":{"rendered":"\t\t<div data-elementor-type=\"wp-page\" data-elementor-id=\"28487\" class=\"elementor elementor-28487 elementor-28233\">\n\t\t\t\t\t\t<section class=\"elementor-section elementor-top-section elementor-element elementor-element-7d4e954 elementor-section-boxed elementor-section-height-default elementor-section-height-default sc_fly_static\" data-id=\"7d4e954\" data-element_type=\"section\" data-e-type=\"section\">\n\t\t\t\t\t\t<div class=\"elementor-container elementor-column-gap-extended\">\n\t\t\t\t\t<div class=\"elementor-column elementor-col-100 elementor-top-column elementor-element elementor-element-2423ff5 sc_content_align_inherit sc_layouts_column_icons_position_left sc_fly_static\" data-id=\"2423ff5\" data-element_type=\"column\" data-e-type=\"column\">\n\t\t\t<div class=\"elementor-widget-wrap elementor-element-populated\">\n\t\t\t\t\t\t<section class=\"elementor-section elementor-inner-section elementor-element elementor-element-aed0c25 elementor-section-boxed elementor-section-height-default elementor-section-height-default sc_fly_static\" data-id=\"aed0c25\" data-element_type=\"section\" data-e-type=\"section\">\n\t\t\t\t\t\t<div class=\"elementor-container elementor-column-gap-extended\">\n\t\t\t\t\t<div class=\"elementor-column elementor-col-100 elementor-inner-column elementor-element elementor-element-fe3ffc6 sc_content_align_inherit sc_layouts_column_icons_position_left sc_fly_static\" data-id=\"fe3ffc6\" data-element_type=\"column\" data-e-type=\"column\">\n\t\t\t<div class=\"elementor-widget-wrap elementor-element-populated\">\n\t\t\t\t\t\t<div class=\"elementor-element elementor-element-40388ba sc_fly_static elementor-widget elementor-widget-text-editor\" data-id=\"40388ba\" data-element_type=\"widget\" data-e-type=\"widget\" data-widget_type=\"text-editor.default\">\n\t\t\t\t<div class=\"elementor-widget-container\">\n\t\t\t\t\t\t\t\t\t<h1 dir=\"ltr\" data-pm-slice=\"1 1 []\">Pol\u00edtica de Cookies<\/h1><p dir=\"ltr\"><strong>\u00daltima actualizaci\u00f3n: 25 de agosto de 2025<\/strong><\/p><p dir=\"ltr\">El sitio web https:\/\/ivonnegugel.com\/ utiliza cookies para mejorar la experiencia del usuario, analizar el tr\u00e1fico y personalizar contenidos. Esta Pol\u00edtica de Cookies explica qu\u00e9 son las cookies, c\u00f3mo las usamos y c\u00f3mo puedes gestionarlas.<\/p><h2 dir=\"ltr\">1. \u00bfQu\u00e9 son las cookies?<\/h2><p dir=\"ltr\">Las cookies son peque\u00f1os archivos de texto que se almacenan en tu dispositivo (ordenador, m\u00f3vil, etc.) cuando visitas un sitio web. Permiten al sitio web recordar tus preferencias y ofrecerte una experiencia personalizada.<\/p><h2 dir=\"ltr\">2. Tipos de cookies que utilizamos<\/h2><ul class=\"tight\" dir=\"ltr\" data-tight=\"true\"><li><p dir=\"ltr\"><strong>Cookies t\u00e9cnicas<\/strong>: Necesarias para el funcionamiento del sitio web, como la navegaci\u00f3n y el acceso a \u00e1reas seguras.<\/p><\/li><li><p dir=\"ltr\"><strong>Cookies anal\u00edticas<\/strong>: Nos permiten analizar el comportamiento de los usuarios en el sitio (por ejemplo, p\u00e1ginas visitadas, tiempo de navegaci\u00f3n) para mejorar su funcionalidad.<\/p><\/li><li><p dir=\"ltr\"><strong>Cookies de personalizaci\u00f3n<\/strong>: Permiten recordar tus preferencias, como el idioma o la configuraci\u00f3n del sitio.<\/p><\/li><li><p dir=\"ltr\"><strong>Cookies de terceros<\/strong>: Gestionadas por servicios externos (por ejemplo, Google Analytics) para an\u00e1lisis estad\u00edstico.<\/p><\/li><\/ul><h4>Cookies que utilizamos<\/h4><div><div id=\"cmplz-cookies-overview\"><details class=\"cmplz-dropdown cmplz-service-desc cmplz-dropdown-cookiepolicy \">\n\t<summary class=\"cmplz-service-header\"><div>\n\t\t<h3>WordPress<\/h3>\n\t\t<p>Functional<\/p>\n\t\t<label for=\"cmplz_service_wordpress\" class=\"cmplz_consent_per_service_label\"><span class=\"screen-reader-text\">Consent to service wordpress<\/span><\/label>\n\t\t<input type=\"checkbox\" id=\"cmplz_service_wordpress\" class=\"cmplz-accept-service cmplz-hidden\" data-service=\"wordpress\" data-category=\"functional\"><\/div>\n\t<\/summary>\n\t<div class=\"cmplz-service-description\">\n\t\t<h4>Usage<\/h4>\n\t\t<p>We use WordPress for website development. <a target=\"_blank\" rel=\"noopener noreferrer nofollow\" href=\"https:\/\/cookiedatabase.org\/service\/wordpress\/\" aria-label=\"Read more about WordPress service on Cookie Database\">Read more about WordPress<\/a><\/p>\n\t<\/div>\n\t<div class=\"cmplz-sharing-data\">\n\t\t<h4>Sharing data<\/h4>\n\t\t<p>This data is not shared with third parties.<\/p>\n\t<\/div>\n\t<div class=\"cookies-per-purpose\">\n    <div class=\"purpose\"><h4>Functional<\/h4><\/div>\n    <div class=\"name-header\">\n\t<h5>Name<\/h5>\n<\/div>\n<div class=\"name\"><a target=\"_blank\" rel=\"noopener noreferrer nofollow\" href=\"https:\/\/cookiedatabase.org\/cookie\/wordpress\/wpemojisettingssupports\/\">wpEmojiSettingsSupports<\/a><\/div>\n<div class=\"retention-header\">\n\t<h5>Expiration<\/h5>\n<\/div>\n<div class=\"retention\">session<\/div>\n<div class=\"function-header\">\n\t<h5>Function<\/h5>\n<\/div>\n<div class=\"function\">Store browser details<\/div>\n<div class=\"name-header\">\n\t<h5>Name<\/h5>\n<\/div>\n<div class=\"name\"><a target=\"_blank\" rel=\"noopener noreferrer nofollow\" href=\"https:\/\/cookiedatabase.org\/cookie\/wordpress\/wp-settings\/\">wp-settings-*<\/a><\/div>\n<div class=\"retention-header\">\n\t<h5>Expiration<\/h5>\n<\/div>\n<div class=\"retention\">persistent<\/div>\n<div class=\"function-header\">\n\t<h5>Function<\/h5>\n<\/div>\n<div class=\"function\">Store user preferences<\/div>\n<div class=\"name-header\">\n\t<h5>Name<\/h5>\n<\/div>\n<div class=\"name\"><a target=\"_blank\" rel=\"noopener noreferrer nofollow\" href=\"https:\/\/cookiedatabase.org\/cookie\/wordpress\/wp-settings-time\/\">wp-settings-time-*<\/a><\/div>\n<div class=\"retention-header\">\n\t<h5>Expiration<\/h5>\n<\/div>\n<div class=\"retention\">1 year<\/div>\n<div class=\"function-header\">\n\t<h5>Function<\/h5>\n<\/div>\n<div class=\"function\">Store user preferences<\/div>\n<div class=\"name-header\">\n\t<h5>Name<\/h5>\n<\/div>\n<div class=\"name\"><a target=\"_blank\" rel=\"noopener noreferrer nofollow\" href=\"https:\/\/cookiedatabase.org\/cookie\/wordpress\/wordpress_test_cookie\/\">wordpress_test_cookie<\/a><\/div>\n<div class=\"retention-header\">\n\t<h5>Expiration<\/h5>\n<\/div>\n<div class=\"retention\">session<\/div>\n<div class=\"function-header\">\n\t<h5>Function<\/h5>\n<\/div>\n<div class=\"function\">Read if cookies can be placed<\/div>\n<div class=\"name-header\">\n\t<h5>Name<\/h5>\n<\/div>\n<div class=\"name\"><a target=\"_blank\" rel=\"noopener noreferrer nofollow\" href=\"https:\/\/cookiedatabase.org\/cookie\/wordpress\/wordpress_logged_in_\/\">wordpress_logged_in_*<\/a><\/div>\n<div class=\"retention-header\">\n\t<h5>Expiration<\/h5>\n<\/div>\n<div class=\"retention\">persistent<\/div>\n<div class=\"function-header\">\n\t<h5>Function<\/h5>\n<\/div>\n<div class=\"function\">Store logged in users<\/div>\n\n<\/div>\n<\/details>\n<details class=\"cmplz-dropdown cmplz-service-desc cmplz-dropdown-cookiepolicy \">\n\t<summary class=\"cmplz-service-header\"><div>\n\t\t<h3>WPML<\/h3>\n\t\t<p>Functional<\/p>\n\t\t<label for=\"cmplz_service_wpml\" class=\"cmplz_consent_per_service_label\"><span class=\"screen-reader-text\">Consent to service wpml<\/span><\/label>\n\t\t<input type=\"checkbox\" id=\"cmplz_service_wpml\" class=\"cmplz-accept-service cmplz-hidden\" data-service=\"wpml\" data-category=\"functional\"><\/div>\n\t<\/summary>\n\t<div class=\"cmplz-service-description\">\n\t\t<h4>Usage<\/h4>\n\t\t<p>We use WPML for locale management. <a target=\"_blank\" rel=\"noopener noreferrer nofollow\" href=\"https:\/\/cookiedatabase.org\/service\/wpml\/\" aria-label=\"Read more about WPML service on Cookie Database\">Read more about WPML<\/a><\/p>\n\t<\/div>\n\t<div class=\"cmplz-sharing-data\">\n\t\t<h4>Sharing data<\/h4>\n\t\t<p>This data is not shared with third parties.<\/p>\n\t<\/div>\n\t<div class=\"cookies-per-purpose\">\n    <div class=\"purpose\"><h4>Functional<\/h4><\/div>\n    <div class=\"name-header\">\n\t<h5>Name<\/h5>\n<\/div>\n<div class=\"name\"><a target=\"_blank\" rel=\"noopener noreferrer nofollow\" href=\"https:\/\/cookiedatabase.org\/cookie\/wpml\/wp-wpml_current_language\/\">wp-wpml_current_language<\/a><\/div>\n<div class=\"retention-header\">\n\t<h5>Expiration<\/h5>\n<\/div>\n<div class=\"retention\">1 day<\/div>\n<div class=\"function-header\">\n\t<h5>Function<\/h5>\n<\/div>\n<div class=\"function\">Store language settings<\/div>\n\n<\/div>\n<\/details>\n<details class=\"cmplz-dropdown cmplz-service-desc cmplz-dropdown-cookiepolicy \">\n\t<summary class=\"cmplz-service-header\"><div>\n\t\t<h3>Slider Revolution<\/h3>\n\t\t<p>Purpose pending investigation<\/p>\n\t\t<label for=\"cmplz_service_slider-revolution\" class=\"cmplz_consent_per_service_label\"><span class=\"screen-reader-text\">Consent to service slider-revolution<\/span><\/label>\n\t\t<input type=\"checkbox\" id=\"cmplz_service_slider-revolution\" class=\"cmplz-accept-service cmplz-hidden\" data-service=\"slider-revolution\" data-category=\"functional\"><\/div>\n\t<\/summary>\n\t<div class=\"cmplz-service-description\">\n\t\t<h4>Usage<\/h4>\n\t\t<p>We use Slider Revolution for website design. <a target=\"_blank\" rel=\"noopener noreferrer nofollow\" href=\"https:\/\/cookiedatabase.org\/service\/slider-revolution\/\" aria-label=\"Read more about Slider Revolution service on Cookie Database\">Read more about Slider Revolution<\/a><\/p>\n\t<\/div>\n\t<div class=\"cmplz-sharing-data\">\n\t\t<h4>Sharing data<\/h4>\n\t\t<p>This data is not shared with third parties.<\/p>\n\t<\/div>\n\t<div class=\"cookies-per-purpose\">\n    <div class=\"purpose\"><h4>Purpose pending investigation<\/h4><\/div>\n    <div class=\"name-header\">\n\t<h5>Name<\/h5>\n<\/div>\n<div class=\"name\"><a target=\"_blank\" rel=\"noopener noreferrer nofollow\" href=\"https:\/\/cookiedatabase.org\/cookie\/slider-revolution\/rs6_overview_pagination\/\">rs6_overview_pagination<\/a><\/div>\n<div class=\"retention-header\">\n\t<h5>Expiration<\/h5>\n<\/div>\n<div class=\"retention\"><\/div>\n<div class=\"function-header\">\n\t<h5>Function<\/h5>\n<\/div>\n<div class=\"function\"><\/div>\n\n<\/div>\n<\/details>\n<details class=\"cmplz-dropdown cmplz-service-desc cmplz-dropdown-cookiepolicy \">\n\t<summary class=\"cmplz-service-header\"><div>\n\t\t<h3>Complianz<\/h3>\n\t\t<p>Functional<\/p>\n\t\t<label for=\"cmplz_service_complianz\" class=\"cmplz_consent_per_service_label\"><span class=\"screen-reader-text\">Consent to service complianz<\/span><\/label>\n\t\t<input type=\"checkbox\" id=\"cmplz_service_complianz\" class=\"cmplz-accept-service cmplz-hidden\" data-service=\"complianz\" data-category=\"functional\"><\/div>\n\t<\/summary>\n\t<div class=\"cmplz-service-description\">\n\t\t<h4>Usage<\/h4>\n\t\t<p>We use Complianz for cookie consent management. <a target=\"_blank\" rel=\"noopener noreferrer nofollow\" href=\"https:\/\/cookiedatabase.org\/service\/complianz\/\" aria-label=\"Read more about Complianz service on Cookie Database\">Read more about Complianz<\/a><\/p>\n\t<\/div>\n\t<div class=\"cmplz-sharing-data\">\n\t\t<h4>Sharing data<\/h4>\n\t\t<p>This data is not shared with third parties.&nbsp;For more information, please read the <a target=\"_blank\" rel=\"noopener noreferrer\" href=\"https:\/\/complianz.io\/legal\/privacy-statement\/\">Complianz Privacy Statement<\/a>.<\/p>\n\t<\/div>\n\t<div class=\"cookies-per-purpose\">\n    <div class=\"purpose\"><h4>Functional<\/h4><\/div>\n    <div class=\"name-header\">\n\t<h5>Name<\/h5>\n<\/div>\n<div class=\"name\"><a target=\"_blank\" rel=\"noopener noreferrer nofollow\" href=\"https:\/\/cookiedatabase.org\/cookie\/complianz\/cmplz_functional\/\">cmplz_functional<\/a><\/div>\n<div class=\"retention-header\">\n\t<h5>Expiration<\/h5>\n<\/div>\n<div class=\"retention\">365 days<\/div>\n<div class=\"function-header\">\n\t<h5>Function<\/h5>\n<\/div>\n<div class=\"function\">Store cookie consent preferences<\/div>\n<div class=\"name-header\">\n\t<h5>Name<\/h5>\n<\/div>\n<div class=\"name\"><a target=\"_blank\" rel=\"noopener noreferrer nofollow\" href=\"https:\/\/cookiedatabase.org\/cookie\/complianz\/cmplz_preferences\/\">cmplz_preferences<\/a><\/div>\n<div class=\"retention-header\">\n\t<h5>Expiration<\/h5>\n<\/div>\n<div class=\"retention\">365 days<\/div>\n<div class=\"function-header\">\n\t<h5>Function<\/h5>\n<\/div>\n<div class=\"function\">Store cookie consent preferences<\/div>\n<div class=\"name-header\">\n\t<h5>Name<\/h5>\n<\/div>\n<div class=\"name\"><a target=\"_blank\" rel=\"noopener noreferrer nofollow\" href=\"https:\/\/cookiedatabase.org\/cookie\/complianz\/cmplz_marketing\/\">cmplz_marketing<\/a><\/div>\n<div class=\"retention-header\">\n\t<h5>Expiration<\/h5>\n<\/div>\n<div class=\"retention\">365 days<\/div>\n<div class=\"function-header\">\n\t<h5>Function<\/h5>\n<\/div>\n<div class=\"function\">Store cookie consent preferences<\/div>\n<div class=\"name-header\">\n\t<h5>Name<\/h5>\n<\/div>\n<div class=\"name\"><a target=\"_blank\" rel=\"noopener noreferrer nofollow\" href=\"https:\/\/cookiedatabase.org\/cookie\/complianz\/cmplz_consented_services\/\">cmplz_consented_services<\/a><\/div>\n<div class=\"retention-header\">\n\t<h5>Expiration<\/h5>\n<\/div>\n<div class=\"retention\">365 days<\/div>\n<div class=\"function-header\">\n\t<h5>Function<\/h5>\n<\/div>\n<div class=\"function\">Store cookie consent preferences<\/div>\n\n<\/div>\n<\/details>\n<details class=\"cmplz-dropdown cmplz-service-desc cmplz-dropdown-cookiepolicy \">\n\t<summary class=\"cmplz-service-header\"><div>\n\t\t<h3>Adobe Fonts<\/h3>\n\t\t<p>Marketing<\/p>\n\t\t<label for=\"cmplz_service_adobe-fonts\" class=\"cmplz_consent_per_service_label\"><span class=\"screen-reader-text\">Consent to service adobe-fonts<\/span><\/label>\n\t\t<input type=\"checkbox\" id=\"cmplz_service_adobe-fonts\" class=\"cmplz-accept-service cmplz-hidden\" data-service=\"adobe-fonts\" data-category=\"functional\"><\/div>\n\t<\/summary>\n\t<div class=\"cmplz-service-description\">\n\t\t<h4>Usage<\/h4>\n\t\t<p>We use Adobe Fonts for display of webfonts. <a target=\"_blank\" rel=\"noopener noreferrer nofollow\" href=\"https:\/\/cookiedatabase.org\/service\/adobefonts\/\" aria-label=\"Read more about Adobe Fonts service on Cookie Database\">Read more about Adobe Fonts<\/a><\/p>\n\t<\/div>\n\t<div class=\"cmplz-sharing-data\">\n\t\t<h4>Sharing data<\/h4>\n\t\t<p>For more information, please read the <a target=\"_blank\" rel=\"noopener noreferrer nofollow\" href=\"https:\/\/www.adobe.com\/privacy\/policies\/adobe-fonts.html\">Adobe Fonts Privacy Statement<\/a>.<\/p>\n\t<\/div>\n\t<div class=\"cookies-per-purpose\">\n    <div class=\"purpose\"><h4>Marketing<\/h4><\/div>\n    <div class=\"name-header\">\n\t<h5>Name<\/h5>\n<\/div>\n<div class=\"name\"><a target=\"_blank\" rel=\"noopener noreferrer nofollow\" href=\"https:\/\/cookiedatabase.org\/cookie\/adobefonts\/adobefonts\/\">Adobe Fonts API<\/a><\/div>\n<div class=\"retention-header\">\n\t<h5>Expiration<\/h5>\n<\/div>\n<div class=\"retention\">expires immediately<\/div>\n<div class=\"function-header\">\n\t<h5>Function<\/h5>\n<\/div>\n<div class=\"function\">Read user IP address<\/div>\n\n<\/div>\n<\/details>\n<details class=\"cmplz-dropdown cmplz-service-desc cmplz-dropdown-cookiepolicy \">\n\t<summary class=\"cmplz-service-header\"><div>\n\t\t<h3>Google Fonts<\/h3>\n\t\t<p>Marketing<\/p>\n\t\t<label for=\"cmplz_service_google-fonts\" class=\"cmplz_consent_per_service_label\"><span class=\"screen-reader-text\">Consent to service google-fonts<\/span><\/label>\n\t\t<input type=\"checkbox\" id=\"cmplz_service_google-fonts\" class=\"cmplz-accept-service cmplz-hidden\" data-service=\"google-fonts\" data-category=\"functional\"><\/div>\n\t<\/summary>\n\t<div class=\"cmplz-service-description\">\n\t\t<h4>Usage<\/h4>\n\t\t<p>We use Google Fonts for display of webfonts. <a target=\"_blank\" rel=\"noopener noreferrer nofollow\" href=\"https:\/\/cookiedatabase.org\/service\/google-fonts\/\" aria-label=\"Read more about Google Fonts service on Cookie Database\">Read more about Google Fonts<\/a><\/p>\n\t<\/div>\n\t<div class=\"cmplz-sharing-data\">\n\t\t<h4>Sharing data<\/h4>\n\t\t<p>For more information, please read the <a target=\"_blank\" rel=\"noopener noreferrer nofollow\" href=\"https:\/\/policies.google.com\/privacy\">Google Fonts Privacy Statement<\/a>.<\/p>\n\t<\/div>\n\t<div class=\"cookies-per-purpose\">\n    <div class=\"purpose\"><h4>Marketing<\/h4><\/div>\n    <div class=\"name-header\">\n\t<h5>Name<\/h5>\n<\/div>\n<div class=\"name\"><a target=\"_blank\" rel=\"noopener noreferrer nofollow\" href=\"https:\/\/cookiedatabase.org\/cookie\/google-fonts\/tcb_google_fonts\/\">Google Fonts API<\/a><\/div>\n<div class=\"retention-header\">\n\t<h5>Expiration<\/h5>\n<\/div>\n<div class=\"retention\">expires immediately<\/div>\n<div class=\"function-header\">\n\t<h5>Function<\/h5>\n<\/div>\n<div class=\"function\">Read user IP address<\/div>\n\n<\/div>\n<\/details>\n<details class=\"cmplz-dropdown cmplz-service-desc cmplz-dropdown-cookiepolicy \">\n\t<summary class=\"cmplz-service-header\"><div>\n\t\t<h3>Miscellaneous<\/h3>\n\t\t<p>Purpose pending investigation<\/p>\n\t\t<label for=\"cmplz_service_miscellaneous\" class=\"cmplz_consent_per_service_label\"><span class=\"screen-reader-text\">Consent to service miscellaneous<\/span><\/label>\n\t\t<input type=\"checkbox\" id=\"cmplz_service_miscellaneous\" class=\"cmplz-accept-service cmplz-hidden\" data-service=\"miscellaneous\" data-category=\"functional\"><\/div>\n\t<\/summary>\n\t<div class=\"cmplz-service-description\">\n\t\t<h4>Usage<\/h4>\n\t\t<p><\/p>\n\t<\/div>\n\t<div class=\"cmplz-sharing-data\">\n\t\t<h4>Sharing data<\/h4>\n\t\t<p>Sharing of data is pending investigation<\/p>\n\t<\/div>\n\t<div class=\"cookies-per-purpose\">\n    <div class=\"purpose\"><h4>Purpose pending investigation<\/h4><\/div>\n    <div class=\"name-header\">\n\t<h5>Name<\/h5>\n<\/div>\n<div class=\"name\">ate-maiya-info_66333261-6265-5938-b337-316131656134<\/div>\n<div class=\"retention-header\">\n\t<h5>Expiration<\/h5>\n<\/div>\n<div class=\"retention\"><\/div>\n<div class=\"function-header\">\n\t<h5>Function<\/h5>\n<\/div>\n<div class=\"function\"><\/div>\n<div class=\"name-header\">\n\t<h5>Name<\/h5>\n<\/div>\n<div class=\"name\">mp_gen_new_tab_id_mixpanel_150605b3b9f979922f2ac5a52e2dcfe9<\/div>\n<div class=\"retention-header\">\n\t<h5>Expiration<\/h5>\n<\/div>\n<div class=\"retention\"><\/div>\n<div class=\"function-header\">\n\t<h5>Function<\/h5>\n<\/div>\n<div class=\"function\"><\/div>\n<div class=\"name-header\">\n\t<h5>Name<\/h5>\n<\/div>\n<div class=\"name\">mp_tab_id_mixpanel_150605b3b9f979922f2ac5a52e2dcfe9<\/div>\n<div class=\"retention-header\">\n\t<h5>Expiration<\/h5>\n<\/div>\n<div class=\"retention\"><\/div>\n<div class=\"function-header\">\n\t<h5>Function<\/h5>\n<\/div>\n<div class=\"function\"><\/div>\n<div class=\"name-header\">\n\t<h5>Name<\/h5>\n<\/div>\n<div class=\"name\">_ams_session<\/div>\n<div class=\"retention-header\">\n\t<h5>Expiration<\/h5>\n<\/div>\n<div class=\"retention\"><\/div>\n<div class=\"function-header\">\n\t<h5>Function<\/h5>\n<\/div>\n<div class=\"function\"><\/div>\n<div class=\"name-header\">\n\t<h5>Name<\/h5>\n<\/div>\n<div class=\"name\">e_globals<\/div>\n<div class=\"retention-header\">\n\t<h5>Expiration<\/h5>\n<\/div>\n<div class=\"retention\"><\/div>\n<div class=\"function-header\">\n\t<h5>Function<\/h5>\n<\/div>\n<div class=\"function\"><\/div>\n<div class=\"name-header\">\n\t<h5>Name<\/h5>\n<\/div>\n<div class=\"name\">elementor<\/div>\n<div class=\"retention-header\">\n\t<h5>Expiration<\/h5>\n<\/div>\n<div class=\"retention\"><\/div>\n<div class=\"function-header\">\n\t<h5>Function<\/h5>\n<\/div>\n<div class=\"function\"><\/div>\n<div class=\"name-header\">\n\t<h5>Name<\/h5>\n<\/div>\n<div class=\"name\">e_kit-elements-defaults<\/div>\n<div class=\"retention-header\">\n\t<h5>Expiration<\/h5>\n<\/div>\n<div class=\"retention\"><\/div>\n<div class=\"function-header\">\n\t<h5>Function<\/h5>\n<\/div>\n<div class=\"function\"><\/div>\n<div class=\"name-header\">\n\t<h5>Name<\/h5>\n<\/div>\n<div class=\"name\">advice_post_read<\/div>\n<div class=\"retention-header\">\n\t<h5>Expiration<\/h5>\n<\/div>\n<div class=\"retention\"><\/div>\n<div class=\"function-header\">\n\t<h5>Function<\/h5>\n<\/div>\n<div class=\"function\"><\/div>\n<div class=\"name-header\">\n\t<h5>Name<\/h5>\n<\/div>\n<div class=\"name\">cmplz_policy_id<\/div>\n<div class=\"retention-header\">\n\t<h5>Expiration<\/h5>\n<\/div>\n<div class=\"retention\">365 days<\/div>\n<div class=\"function-header\">\n\t<h5>Function<\/h5>\n<\/div>\n<div class=\"function\"><\/div>\n<div class=\"name-header\">\n\t<h5>Name<\/h5>\n<\/div>\n<div class=\"name\">cmplz_statistics<\/div>\n<div class=\"retention-header\">\n\t<h5>Expiration<\/h5>\n<\/div>\n<div class=\"retention\">365 days<\/div>\n<div class=\"function-header\">\n\t<h5>Function<\/h5>\n<\/div>\n<div class=\"function\"><\/div>\n<div class=\"name-header\">\n\t<h5>Name<\/h5>\n<\/div>\n<div class=\"name\">cmplz_banner-status<\/div>\n<div class=\"retention-header\">\n\t<h5>Expiration<\/h5>\n<\/div>\n<div class=\"retention\">365 days<\/div>\n<div class=\"function-header\">\n\t<h5>Function<\/h5>\n<\/div>\n<div class=\"function\"><\/div>\n<div class=\"name-header\">\n\t<h5>Name<\/h5>\n<\/div>\n<div class=\"name\">wp_lang<\/div>\n<div class=\"retention-header\">\n\t<h5>Expiration<\/h5>\n<\/div>\n<div class=\"retention\"><\/div>\n<div class=\"function-header\">\n\t<h5>Function<\/h5>\n<\/div>\n<div class=\"function\"><\/div>\n<div class=\"name-header\">\n\t<h5>Name<\/h5>\n<\/div>\n<div class=\"name\">WP_PREFERENCES_USER_1<\/div>\n<div class=\"retention-header\">\n\t<h5>Expiration<\/h5>\n<\/div>\n<div class=\"retention\"><\/div>\n<div class=\"function-header\">\n\t<h5>Function<\/h5>\n<\/div>\n<div class=\"function\"><\/div>\n<div class=\"name-header\">\n\t<h5>Name<\/h5>\n<\/div>\n<div class=\"name\">e_event-tracker<\/div>\n<div class=\"retention-header\">\n\t<h5>Expiration<\/h5>\n<\/div>\n<div class=\"retention\"><\/div>\n<div class=\"function-header\">\n\t<h5>Function<\/h5>\n<\/div>\n<div class=\"function\"><\/div>\n\n<\/div>\n<\/details>\n<\/div><\/div><h2 dir=\"ltr\">3. Finalidad de las cookies<\/h2><p dir=\"ltr\">Las cookies se utilizan para:<\/p><ul class=\"tight\" dir=\"ltr\" data-tight=\"true\"><li><p dir=\"ltr\">Garantizar el correcto funcionamiento del sitio web.<\/p><\/li><li><p dir=\"ltr\">Analizar el uso del sitio para mejorar su contenido y dise\u00f1o.<\/p><\/li><li><p dir=\"ltr\">Personalizar tu experiencia en el sitio web.<\/p><\/li><\/ul><h2 dir=\"ltr\">4. Consentimiento<\/h2><p dir=\"ltr\">Al acceder al sitio web, se te informar\u00e1 sobre el uso de cookies mediante un banner. Puedes aceptar, rechazar o configurar las cookies. Las cookies t\u00e9cnicas no requieren consentimiento, pero las dem\u00e1s solo se instalar\u00e1n si das tu aprobaci\u00f3n.<\/p><h2 dir=\"ltr\">5. Gesti\u00f3n de cookies<\/h2><p dir=\"ltr\">Puedes gestionar las cookies desde la configuraci\u00f3n de tu navegador:<\/p><ul class=\"tight\" dir=\"ltr\" data-tight=\"true\"><li><p dir=\"ltr\"><strong>Google Chrome<\/strong>: Configuraci\u00f3n &gt; Privacidad y seguridad &gt; Cookies y otros datos de sitios.<\/p><\/li><li><p dir=\"ltr\"><strong>Mozilla Firefox<\/strong>: Opciones &gt; Privacidad y seguridad &gt; Cookies y datos de sitios.<\/p><\/li><li><p dir=\"ltr\"><strong>Safari<\/strong>: Preferencias &gt; Privacidad &gt; Cookies y datos de sitios web.<br \/>Tambi\u00e9n puedes configurar las preferencias de cookies directamente en el banner de nuestro sitio web.<\/p><\/li><\/ul><h2 dir=\"ltr\">6. Actualizaci\u00f3n de la Pol\u00edtica de Cookies<\/h2><p dir=\"ltr\">Nos reservamos el derecho de actualizar esta pol\u00edtica. Los cambios ser\u00e1n publicados en esta p\u00e1gina con la fecha de actualizaci\u00f3n correspondiente.<\/p><h2 dir=\"ltr\">7. Contacto<\/h2><p dir=\"ltr\">Para cualquier duda sobre esta Pol\u00edtica de Cookies, cont\u00e1ctanos en ivonne.gugel@gmail.com.<\/p>\t\t\t\t\t\t\t\t<\/div>\n\t\t\t\t<\/div>\n\t\t\t\t\t<\/div>\n\t\t<\/div>\n\t\t\t\t\t<\/div>\n\t\t<\/section>\n\t\t\t\t\t<\/div>\n\t\t<\/div>\n\t\t\t\t\t<\/div>\n\t\t<\/section>\n\t\t\t\t<\/div>\n\t\t","protected":false},"excerpt":{"rendered":"<p>Pol\u00edtica de Cookies \u00daltima actualizaci\u00f3n: 25 de agosto de 2025 El sitio web https:\/\/ivonnegugel.com\/ utiliza cookies para mejorar la experiencia del usuario, analizar el tr\u00e1fico y personalizar contenidos. Esta Pol\u00edtica&hellip;<\/p>\n","protected":false},"author":1,"featured_media":0,"parent":0,"menu_order":0,"comment_status":"closed","ping_status":"closed","template":"","meta":{"footnotes":""},"class_list":["post-28487","page","type-page","status-publish","hentry"],"_links":{"self":[{"href":"https:\/\/ivonnegugel.com\/en\/wp-json\/wp\/v2\/pages\/28487","targetHints":{"allow":["GET"]}}],"collection":[{"href":"https:\/\/ivonnegugel.com\/en\/wp-json\/wp\/v2\/pages"}],"about":[{"href":"https:\/\/ivonnegugel.com\/en\/wp-json\/wp\/v2\/types\/page"}],"author":[{"embeddable":true,"href":"https:\/\/ivonnegugel.com\/en\/wp-json\/wp\/v2\/users\/1"}],"replies":[{"embeddable":true,"href":"https:\/\/ivonnegugel.com\/en\/wp-json\/wp\/v2\/comments?post=28487"}],"version-history":[{"count":10,"href":"https:\/\/ivonnegugel.com\/en\/wp-json\/wp\/v2\/pages\/28487\/revisions"}],"predecessor-version":[{"id":28691,"href":"https:\/\/ivonnegugel.com\/en\/wp-json\/wp\/v2\/pages\/28487\/revisions\/28691"}],"wp:attachment":[{"href":"https:\/\/ivonnegugel.com\/en\/wp-json\/wp\/v2\/media?parent=28487"}],"curies":[{"name":"wp","href":"https:\/\/api.w.org\/{rel}","templated":true}]}}